{"id":22,"date":"2025-03-19T20:18:26","date_gmt":"2025-03-19T20:18:26","guid":{"rendered":"https:\/\/herzensbande-dn.goetze-media.de\/httpdocs\/?page_id=22"},"modified":"2025-03-25T14:03:30","modified_gmt":"2025-03-25T14:03:30","slug":"vernetze-dich","status":"publish","type":"page","link":"https:\/\/www.herzensbande-dn.de\/?page_id=22","title":{"rendered":"Vernetze Dich!"},"content":{"rendered":"<h3>Wie?<\/h3>\n<p>F\u00fcr den Austausch bieten wir eine <strong>WhatsApp<\/strong>-Community an, zu der Du nach Deiner Anmeldung hinzugef\u00fcgt wirst. \u00dcber <strong>E-Mail<\/strong> sowie diese <strong>Website<\/strong> informieren wir euch \u00fcber anstehende Termine und interessante Themen, die f\u00fcr uns als Adoptiv- und Pflegefamilien von Bedeutung sind. Egal ob online oder bei unseren Treffen: Wir freuen uns auf Dich!<\/p>\n<p>&nbsp;<\/p>\n<h3>Kontaktformular<\/h3>\n<p>Dein Einstiegspunkt zu uns ist eine einfache Nachricht \u00fcber unser Kontaktformular &#8211; wir ben\u00f6tigen lediglich Deinen Namen und eine g\u00fcltige E-Mail-Adresse. \u00dcber eine nette Nachricht freuen wir uns nat\u00fcrlich sehr. Was uns da interessiert ist vielleicht Deine Motivation, Dein Heimatort und wie Du auf uns aufmerksam geworden bist. Aber all das ist erst einmal optional.<\/p>\n\n<div class=\"wpcf7 no-js\" id=\"wpcf7-f52-o1\" lang=\"de-DE\" dir=\"ltr\" data-wpcf7-id=\"52\">\n<div class=\"screen-reader-response\"><p role=\"status\" aria-live=\"polite\" aria-atomic=\"true\"><\/p> <ul><\/ul><\/div>\n<form action=\"\/index.php?rest_route=%2Fwp%2Fv2%2Fpages%2F22#wpcf7-f52-o1\" method=\"post\" class=\"wpcf7-form init\" aria-label=\"Kontaktformular\" novalidate=\"novalidate\" data-status=\"init\">\n<fieldset class=\"hidden-fields-container\"><input type=\"hidden\" name=\"_wpcf7\" value=\"52\" \/><input type=\"hidden\" name=\"_wpcf7_version\" value=\"6.1.5\" \/><input type=\"hidden\" name=\"_wpcf7_locale\" value=\"de_DE\" \/><input type=\"hidden\" name=\"_wpcf7_unit_tag\" value=\"wpcf7-f52-o1\" \/><input type=\"hidden\" name=\"_wpcf7_container_post\" value=\"0\" \/><input type=\"hidden\" name=\"_wpcf7_posted_data_hash\" value=\"\" \/>\n<\/fieldset>\n<p><label> Dein Vorname<br \/>\n<span class=\"wpcf7-form-control-wrap\" data-name=\"your-name\"><input size=\"40\" maxlength=\"400\" class=\"wpcf7-form-control wpcf7-text wpcf7-validates-as-required\" autocomplete=\"given-name\" aria-required=\"true\" aria-invalid=\"false\" value=\"\" type=\"text\" name=\"your-name\" \/><\/span> <\/label>\n<\/p>\n<p><label> Dein Nachname<br \/>\n<span class=\"wpcf7-form-control-wrap\" data-name=\"your-name\"><input size=\"40\" maxlength=\"400\" class=\"wpcf7-form-control wpcf7-text wpcf7-validates-as-required\" autocomplete=\"family-name\" aria-required=\"true\" aria-invalid=\"false\" value=\"\" type=\"text\" name=\"your-name\" \/><\/span> <\/label>\n<\/p>\n<p><label> Deine E-Mail-Adresse<br \/>\n<span class=\"wpcf7-form-control-wrap\" data-name=\"your-email\"><input size=\"40\" maxlength=\"400\" class=\"wpcf7-form-control wpcf7-email wpcf7-validates-as-required wpcf7-text wpcf7-validates-as-email\" autocomplete=\"email\" aria-required=\"true\" aria-invalid=\"false\" value=\"\" type=\"email\" name=\"your-email\" \/><\/span> <\/label>\n<\/p>\n<p><label> Deine Handy-Nummer<br \/>\n<span class=\"wpcf7-form-control-wrap\" data-name=\"your-phone\"><input size=\"40\" maxlength=\"400\" class=\"wpcf7-form-control wpcf7-email wpcf7-validates-as-required wpcf7-text wpcf7-validates-as-email\" autocomplete=\"tel\" aria-required=\"true\" aria-invalid=\"false\" value=\"\" type=\"email\" name=\"your-phone\" \/><\/span> <\/label>\n<\/p>\n<p><label> Ich wohne in (Ort\/Gemeinde)<br \/>\n<span class=\"wpcf7-form-control-wrap\" data-name=\"your-message\"><textarea cols=\"40\" rows=\"10\" maxlength=\"2000\" class=\"wpcf7-form-control wpcf7-textarea\" aria-invalid=\"false\" name=\"your-message\"><\/textarea><\/span> <\/label>\n<\/p>\n<p><label>Wir sind \/ ich bin (Falls das alles nicht zutrifft, nutze gerne das Nachrichtenfeld unten!)<\/label><br \/>\n<span class=\"wpcf7-form-control-wrap\" data-name=\"your-country\"><span class=\"wpcf7-form-control wpcf7-checkbox\"><span class=\"wpcf7-list-item first\"><input type=\"checkbox\" name=\"your-country[]\" value=\"Pflegefamilie (Dauerpflege)\" \/><span class=\"wpcf7-list-item-label\">Pflegefamilie (Dauerpflege)<\/span><\/span><span class=\"wpcf7-list-item\"><input type=\"checkbox\" name=\"your-country[]\" value=\"Pflegefamilie (Bereitschaftspflege)\" \/><span class=\"wpcf7-list-item-label\">Pflegefamilie (Bereitschaftspflege)<\/span><\/span><span class=\"wpcf7-list-item\"><input type=\"checkbox\" name=\"your-country[]\" value=\"Pflegefamilie (Verwandtenpflege)\" \/><span class=\"wpcf7-list-item-label\">Pflegefamilie (Verwandtenpflege)<\/span><\/span><span class=\"wpcf7-list-item\"><input type=\"checkbox\" name=\"your-country[]\" value=\"Pflegefamilie (Erziehungsstelle)\" \/><span class=\"wpcf7-list-item-label\">Pflegefamilie (Erziehungsstelle)<\/span><\/span><span class=\"wpcf7-list-item\"><input type=\"checkbox\" name=\"your-country[]\" value=\"Adoptivfamilie\" \/><span class=\"wpcf7-list-item-label\">Adoptivfamilie<\/span><\/span><span class=\"wpcf7-list-item last\"><input type=\"checkbox\" name=\"your-country[]\" value=\"Wir wollen Adoptiv-\/ Pflegefamilie werden\" \/><span class=\"wpcf7-list-item-label\">Wir wollen Adoptiv-\/ Pflegefamilie werden<\/span><\/span><\/span><\/span>\n<\/p>\n<p><label> Deine Nachricht (optional)<br \/>\n<span class=\"wpcf7-form-control-wrap\" data-name=\"your-message\"><textarea cols=\"40\" rows=\"10\" maxlength=\"2000\" class=\"wpcf7-form-control wpcf7-textarea\" aria-invalid=\"false\" name=\"your-message\"><\/textarea><\/span> <\/label>\n<\/p>\n<p><input class=\"wpcf7-form-control wpcf7-submit has-spinner\" type=\"submit\" value=\"Senden\" \/>\n<\/p><div class=\"wpcf7-response-output\" aria-hidden=\"true\"><\/div>\n<\/form>\n<\/div>\n\n","protected":false},"excerpt":{"rendered":"<p>Wie? F\u00fcr den Austausch bieten wir eine WhatsApp-Community an, zu der Du nach Deiner Anmeldung hinzugef\u00fcgt wirst. \u00dcber E-Mail sowie diese Website informieren wir euch \u00fcber anstehende Termine und interessante Themen, die f\u00fcr uns als Adoptiv- und Pflegefamilien von Bedeutung&#8230; <a href=\"https:\/\/www.herzensbande-dn.de\/?page_id=22\" class=\"readmore\">Weiterlesen<span class=\"screen-reader-text\">Vernetze Dich!<\/span><span class=\"fa fa-angle-double-right\" aria-hidden=\"true\"><\/span><\/a><\/p>\n","protected":false},"author":1,"featured_media":0,"parent":0,"menu_order":0,"comment_status":"closed","ping_status":"closed","template":"","meta":{"footnotes":""},"class_list":["post-22","page","type-page","status-publish","hentry"],"_links":{"self":[{"href":"https:\/\/www.herzensbande-dn.de\/index.php?rest_route=\/wp\/v2\/pages\/22","targetHints":{"allow":["GET"]}}],"collection":[{"href":"https:\/\/www.herzensbande-dn.de\/index.php?rest_route=\/wp\/v2\/pages"}],"about":[{"href":"https:\/\/www.herzensbande-dn.de\/index.php?rest_route=\/wp\/v2\/types\/page"}],"author":[{"embeddable":true,"href":"https:\/\/www.herzensbande-dn.de\/index.php?rest_route=\/wp\/v2\/users\/1"}],"replies":[{"embeddable":true,"href":"https:\/\/www.herzensbande-dn.de\/index.php?rest_route=%2Fwp%2Fv2%2Fcomments&post=22"}],"version-history":[{"count":4,"href":"https:\/\/www.herzensbande-dn.de\/index.php?rest_route=\/wp\/v2\/pages\/22\/revisions"}],"predecessor-version":[{"id":53,"href":"https:\/\/www.herzensbande-dn.de\/index.php?rest_route=\/wp\/v2\/pages\/22\/revisions\/53"}],"wp:attachment":[{"href":"https:\/\/www.herzensbande-dn.de\/index.php?rest_route=%2Fwp%2Fv2%2Fmedia&parent=22"}],"curies":[{"name":"wp","href":"https:\/\/api.w.org\/{rel}","templated":true}]}}