{"id":2,"date":"2025-03-17T16:41:29","date_gmt":"2025-03-17T16:41:29","guid":{"rendered":"https:\/\/herzensbande-dn.goetze-media.de\/httpdocs\/?page_id=2"},"modified":"2025-06-25T12:03:39","modified_gmt":"2025-06-25T12:03:39","slug":"sample-page","status":"publish","type":"page","link":"https:\/\/www.herzensbande-dn.de\/","title":{"rendered":"Start"},"content":{"rendered":"\r\n<h3 style=\"text-align: center;\">Willkommen bei der Herzensbande D\u00fcren<\/h3>\r\n<h3 style=\"text-align: center;\">&#8211;<\/h3>\r\n<h3 style=\"text-align: center;\">Sch\u00f6n, dass Du den Weg zu uns gefunden hast!<\/h3>\r\n<p>&nbsp;<\/p>\r\n<h4>Herzensbande &#8211; worum geht&#8217;s?<\/h4>\r\n<p><a href=\"\/?page_id=27\">Wir<\/a> m\u00f6chten ein Netzwerk mit anderen Adoptiv- und Pflegefamilien aufbauen, um einen Raum f\u00fcr den Austausch von Erfahrungen und Themen zu schaffen, die uns alle betreffen. In diesem Netzwerk k\u00f6nnen wir wertvolle Einblicke und Radschl\u00e4ge teilen, die uns helfen, die Herausforderungen und Freuden unseres besonderen Familienlebens besser zu meistern<\/p>\r\n<p>Gemeinsam k\u00f6nnen wir voneinander lernen und uns gegenseitig unterst\u00fctzen, um das Wohl unserer Kinder zu f\u00f6rdern. Indem wir unsere Erfahrungen und Ressourcen b\u00fcndeln, schaffen wir eine starke Gemeinschafft, die es uns erm\u00f6glicht, unsere Kinder in ihrer Entwicklung zu st\u00e4rken und ihnen ein liebevolles und sicheres Umfeld zu bieten.<\/p>\r\n<p>Wir glauben, dass der Austausch mit anderen Familien, die \u00e4hnliche Wege gehen, uns bereichern und unsere F\u00e4higkeiten als Adoptiv- und Pflegefamilien erweitern wird. Lasst uns gemeinsam eine unterst\u00fctzende Gemeinschaft aufbauen!<\/p>\r\n<h4>Und wie wollt ihr das umsetzen?<\/h4>\r\n<p>Wir organisieren regelm\u00e4\u00dfige <a href=\"\/?page_id=10\">Treffen<\/a>, sowohl f\u00fcr die Eltern als auch die gesamte Familie. Unser Ziel ist es das Gemeinschaftsgef\u00fchl zu st\u00e4rken und unvergessliche Erlebnisse zu schaffen. Diese Zusammenk\u00fcnfte bieten eine wunderbare Gelegenheit, sich auszutauschen, neue Freundschaften zu kn\u00fcpfen und die Bindungen innerhalb unserer Gemeinschaft zu vertiefen.\u00a0<\/p>\r\n<p>Bei unseren Treffen planen wir verschiedene Aktivit\u00e4ten, die sowohl f\u00fcr Erwachsene, als auch f\u00fcr Kinder geeignet sind. Ob gemeinsame Spiele, Wanderungen oder entspannte Grillnachmittage \u2013 wir m\u00f6chten, dass jede Familie die M\u00f6glichkeit hat, sich einzubringen und ihre Ideen zu teilen.<\/p>\r\n<p>Unser Ziel ist es, eine Atmosph\u00e4re zu schaffen, in der sich alle wohlf\u00fchlen und Spa\u00df haben k\u00f6nnen. Wir glauben, dass solche gemeinsamen Erlebnisse nicht nur das Gemeinschaftsgef\u00fchl st\u00e4rken, sondern auch sch\u00f6ne Erinnerungen schaffen, die uns ein Leben lang begleiten.<\/p>\r\n<p>Lasst uns zusammenkommen, lachen und die Zeit miteinander genie\u00dfen. <a href=\"\/?page_id=22\">Vernetze Dich!<\/a><\/p>\r\n<p>&nbsp;<\/p>\r\n<p>&nbsp;<\/p>\r\n","protected":false},"excerpt":{"rendered":"<p>Willkommen bei der Herzensbande D\u00fcren &#8211; Sch\u00f6n, dass Du den Weg zu uns gefunden hast! &nbsp; Herzensbande &#8211; worum geht&#8217;s? Wir m\u00f6chten ein Netzwerk mit anderen Adoptiv- und Pflegefamilien aufbauen, um einen Raum f\u00fcr den Austausch von Erfahrungen und Themen&#8230; <a href=\"https:\/\/www.herzensbande-dn.de\/\" class=\"readmore\">Weiterlesen<span class=\"screen-reader-text\">Start<\/span><span class=\"fa fa-angle-double-right\" aria-hidden=\"true\"><\/span><\/a><\/p>\n","protected":false},"author":1,"featured_media":0,"parent":0,"menu_order":0,"comment_status":"closed","ping_status":"open","template":"","meta":{"footnotes":""},"class_list":["post-2","page","type-page","status-publish","hentry"],"_links":{"self":[{"href":"https:\/\/www.herzensbande-dn.de\/index.php?rest_route=\/wp\/v2\/pages\/2","targetHints":{"allow":["GET"]}}],"collection":[{"href":"https:\/\/www.herzensbande-dn.de\/index.php?rest_route=\/wp\/v2\/pages"}],"about":[{"href":"https:\/\/www.herzensbande-dn.de\/index.php?rest_route=\/wp\/v2\/types\/page"}],"author":[{"embeddable":true,"href":"https:\/\/www.herzensbande-dn.de\/index.php?rest_route=\/wp\/v2\/users\/1"}],"replies":[{"embeddable":true,"href":"https:\/\/www.herzensbande-dn.de\/index.php?rest_route=%2Fwp%2Fv2%2Fcomments&post=2"}],"version-history":[{"count":9,"href":"https:\/\/www.herzensbande-dn.de\/index.php?rest_route=\/wp\/v2\/pages\/2\/revisions"}],"predecessor-version":[{"id":73,"href":"https:\/\/www.herzensbande-dn.de\/index.php?rest_route=\/wp\/v2\/pages\/2\/revisions\/73"}],"wp:attachment":[{"href":"https:\/\/www.herzensbande-dn.de\/index.php?rest_route=%2Fwp%2Fv2%2Fmedia&parent=2"}],"curies":[{"name":"wp","href":"https:\/\/api.w.org\/{rel}","templated":true}]}}